
{"id":3424,"date":"2023-07-28T08:51:08","date_gmt":"2023-07-28T06:51:08","guid":{"rendered":"https:\/\/wexit.bz\/?post_type=product&#038;p=3424"},"modified":"2025-08-14T11:27:55","modified_gmt":"2025-08-14T09:27:55","slug":"wexit-spray-gegen-wespen-2-x-150ml","status":"publish","type":"product","link":"https:\/\/wexit.bz\/de\/produkt\/wexit-spray-gegen-wespen-2-x-150ml\/","title":{"rendered":"Wexit &#8211; Spray gegen Wespen 2 x 150ml"},"content":{"rendered":"","protected":false},"excerpt":{"rendered":"<h3><strong>Wexit verscheucht Wespen!<\/strong><\/h3>\n<p>Wexit vertreibt Wespen auf einer absolut umwelt- und tierfreundlichen Weise. Der feine Wasserstrahl wirkt sofort: Einmaliges Aufspr\u00fchen gen\u00fcgt. Wexit sorgt daf\u00fcr, dass die Wespen sofort zu ihrem Nest zur\u00fcckfliegen und dort bleiben.<\/p>\n","protected":false},"featured_media":3431,"comment_status":"closed","ping_status":"closed","template":"","meta":{"inline_featured_image":false},"product_brand":[],"product_cat":[69],"product_tag":[],"class_list":{"0":"post-3424","1":"product","2":"type-product","3":"status-publish","4":"has-post-thumbnail","6":"product_cat-wespenspray","8":"first","9":"instock","10":"taxable","11":"shipping-taxable","12":"purchasable","13":"product-type-simple"},"yoast_head":"<!-- This site is optimized with the Yoast SEO plugin v27.3 - https:\/\/yoast.com\/product\/yoast-seo-wordpress\/ -->\n<title>Wexit - Spray gegen Wespen 2 x 150ml milieu- en diervriendelijke wespen spray - Wexit.bz<\/title>\n<meta name=\"description\" content=\"Wexit.bz biedt iedereen de mogelijkheid om door middel van aerosole verstuiving wespen te verjagen op een milieu- en diervriendelijke wijze.\" \/>\n<meta name=\"robots\" content=\"index, follow, max-snippet:-1, max-image-preview:large, max-video-preview:-1\" \/>\n<link rel=\"canonical\" href=\"https:\/\/wexit.bz\/de\/produkt\/wexit-spray-gegen-wespen-2-x-150ml\/\" \/>\n<meta property=\"og:locale\" content=\"de_DE\" \/>\n<meta property=\"og:type\" content=\"article\" \/>\n<meta property=\"og:title\" content=\"Wexit - Spray gegen Wespen 2 x 150ml milieu- en diervriendelijke wespen spray - Wexit.bz\" \/>\n<meta property=\"og:description\" content=\"Wexit.bz biedt iedereen de mogelijkheid om door middel van aerosole verstuiving wespen te verjagen op een milieu- en diervriendelijke wijze.\" \/>\n<meta property=\"og:url\" content=\"https:\/\/wexit.bz\/de\/produkt\/wexit-spray-gegen-wespen-2-x-150ml\/\" \/>\n<meta property=\"og:site_name\" content=\"Wexit.bz\" \/>\n<meta property=\"article:modified_time\" content=\"2025-08-14T09:27:55+00:00\" \/>\n<meta property=\"og:image\" content=\"https:\/\/wexit.bz\/wp-content\/uploads\/2023\/07\/wexit_2groot-scaled.webp\" \/>\n\t<meta property=\"og:image:width\" content=\"2560\" \/>\n\t<meta property=\"og:image:height\" content=\"2560\" \/>\n\t<meta property=\"og:image:type\" content=\"image\/webp\" \/>\n<meta name=\"twitter:card\" content=\"summary_large_image\" \/>\n<meta name=\"twitter:label1\" content=\"Gesch\u00e4tzte Lesezeit\" \/>\n\t<meta name=\"twitter:data1\" content=\"1\u00a0Minute\" \/>\n<script type=\"application\/ld+json\" class=\"yoast-schema-graph\">{\"@context\":\"https:\\\/\\\/schema.org\",\"@graph\":[{\"@type\":\"WebPage\",\"@id\":\"https:\\\/\\\/wexit.bz\\\/de\\\/produkt\\\/wexit-spray-gegen-wespen-2-x-150ml\\\/\",\"url\":\"https:\\\/\\\/wexit.bz\\\/de\\\/produkt\\\/wexit-spray-gegen-wespen-2-x-150ml\\\/\",\"name\":\"Wexit - Spray gegen Wespen 2 x 150ml milieu- en diervriendelijke wespen spray - Wexit.bz\",\"isPartOf\":{\"@id\":\"https:\\\/\\\/wexit.bz\\\/#website\"},\"primaryImageOfPage\":{\"@id\":\"https:\\\/\\\/wexit.bz\\\/de\\\/produkt\\\/wexit-spray-gegen-wespen-2-x-150ml\\\/#primaryimage\"},\"image\":{\"@id\":\"https:\\\/\\\/wexit.bz\\\/de\\\/produkt\\\/wexit-spray-gegen-wespen-2-x-150ml\\\/#primaryimage\"},\"thumbnailUrl\":\"https:\\\/\\\/wexit.bz\\\/wp-content\\\/uploads\\\/2023\\\/07\\\/wexit_2groot-scaled.webp\",\"datePublished\":\"2023-07-28T06:51:08+00:00\",\"dateModified\":\"2025-08-14T09:27:55+00:00\",\"description\":\"Wexit.bz biedt iedereen de mogelijkheid om door middel van aerosole verstuiving wespen te verjagen op een milieu- en diervriendelijke wijze.\",\"breadcrumb\":{\"@id\":\"https:\\\/\\\/wexit.bz\\\/de\\\/produkt\\\/wexit-spray-gegen-wespen-2-x-150ml\\\/#breadcrumb\"},\"inLanguage\":\"de\",\"potentialAction\":[{\"@type\":\"ReadAction\",\"target\":[\"https:\\\/\\\/wexit.bz\\\/de\\\/produkt\\\/wexit-spray-gegen-wespen-2-x-150ml\\\/\"]}]},{\"@type\":\"ImageObject\",\"inLanguage\":\"de\",\"@id\":\"https:\\\/\\\/wexit.bz\\\/de\\\/produkt\\\/wexit-spray-gegen-wespen-2-x-150ml\\\/#primaryimage\",\"url\":\"https:\\\/\\\/wexit.bz\\\/wp-content\\\/uploads\\\/2023\\\/07\\\/wexit_2groot-scaled.webp\",\"contentUrl\":\"https:\\\/\\\/wexit.bz\\\/wp-content\\\/uploads\\\/2023\\\/07\\\/wexit_2groot-scaled.webp\",\"width\":2560,\"height\":2560},{\"@type\":\"BreadcrumbList\",\"@id\":\"https:\\\/\\\/wexit.bz\\\/de\\\/produkt\\\/wexit-spray-gegen-wespen-2-x-150ml\\\/#breadcrumb\",\"itemListElement\":[{\"@type\":\"ListItem\",\"position\":1,\"name\":\"Home\",\"item\":\"https:\\\/\\\/wexit.bz\\\/de\\\/\"},{\"@type\":\"ListItem\",\"position\":2,\"name\":\"Webshop\",\"item\":\"https:\\\/\\\/wexit.bz\\\/webshop\\\/\"},{\"@type\":\"ListItem\",\"position\":3,\"name\":\"Wexit &#8211; Spray gegen Wespen 2 x 150ml\"}]},{\"@type\":\"WebSite\",\"@id\":\"https:\\\/\\\/wexit.bz\\\/#website\",\"url\":\"https:\\\/\\\/wexit.bz\\\/\",\"name\":\"Wexit.bz\",\"description\":\"Wespenverjager op mineraalwaterbasis\",\"publisher\":{\"@id\":\"https:\\\/\\\/wexit.bz\\\/#organization\"},\"potentialAction\":[{\"@type\":\"SearchAction\",\"target\":{\"@type\":\"EntryPoint\",\"urlTemplate\":\"https:\\\/\\\/wexit.bz\\\/?s={search_term_string}\"},\"query-input\":{\"@type\":\"PropertyValueSpecification\",\"valueRequired\":true,\"valueName\":\"search_term_string\"}}],\"inLanguage\":\"de\"},{\"@type\":\"Organization\",\"@id\":\"https:\\\/\\\/wexit.bz\\\/#organization\",\"name\":\"Wexit.bz\",\"url\":\"https:\\\/\\\/wexit.bz\\\/\",\"logo\":{\"@type\":\"ImageObject\",\"inLanguage\":\"de\",\"@id\":\"https:\\\/\\\/wexit.bz\\\/#\\\/schema\\\/logo\\\/image\\\/\",\"url\":\"https:\\\/\\\/wexit.bz\\\/wp-content\\\/uploads\\\/2023\\\/07\\\/Wexit-logo.webp\",\"contentUrl\":\"https:\\\/\\\/wexit.bz\\\/wp-content\\\/uploads\\\/2023\\\/07\\\/Wexit-logo.webp\",\"width\":1162,\"height\":346,\"caption\":\"Wexit.bz\"},\"image\":{\"@id\":\"https:\\\/\\\/wexit.bz\\\/#\\\/schema\\\/logo\\\/image\\\/\"},\"sameAs\":[\"https:\\\/\\\/www.instagram.com\\\/wexit.official\\\/\"]}]}<\/script>\n<!-- \/ Yoast SEO plugin. -->","yoast_head_json":{"title":"Wexit - Spray gegen Wespen 2 x 150ml milieu- en diervriendelijke wespen spray - Wexit.bz","description":"Wexit.bz biedt iedereen de mogelijkheid om door middel van aerosole verstuiving wespen te verjagen op een milieu- en diervriendelijke wijze.","robots":{"index":"index","follow":"follow","max-snippet":"max-snippet:-1","max-image-preview":"max-image-preview:large","max-video-preview":"max-video-preview:-1"},"canonical":"https:\/\/wexit.bz\/de\/produkt\/wexit-spray-gegen-wespen-2-x-150ml\/","og_locale":"de_DE","og_type":"article","og_title":"Wexit - Spray gegen Wespen 2 x 150ml milieu- en diervriendelijke wespen spray - Wexit.bz","og_description":"Wexit.bz biedt iedereen de mogelijkheid om door middel van aerosole verstuiving wespen te verjagen op een milieu- en diervriendelijke wijze.","og_url":"https:\/\/wexit.bz\/de\/produkt\/wexit-spray-gegen-wespen-2-x-150ml\/","og_site_name":"Wexit.bz","article_modified_time":"2025-08-14T09:27:55+00:00","og_image":[{"width":2560,"height":2560,"url":"https:\/\/wexit.bz\/wp-content\/uploads\/2023\/07\/wexit_2groot-scaled.webp","type":"image\/webp"}],"twitter_card":"summary_large_image","twitter_misc":{"Gesch\u00e4tzte Lesezeit":"1\u00a0Minute"},"schema":{"@context":"https:\/\/schema.org","@graph":[{"@type":"WebPage","@id":"https:\/\/wexit.bz\/de\/produkt\/wexit-spray-gegen-wespen-2-x-150ml\/","url":"https:\/\/wexit.bz\/de\/produkt\/wexit-spray-gegen-wespen-2-x-150ml\/","name":"Wexit - Spray gegen Wespen 2 x 150ml milieu- en diervriendelijke wespen spray - Wexit.bz","isPartOf":{"@id":"https:\/\/wexit.bz\/#website"},"primaryImageOfPage":{"@id":"https:\/\/wexit.bz\/de\/produkt\/wexit-spray-gegen-wespen-2-x-150ml\/#primaryimage"},"image":{"@id":"https:\/\/wexit.bz\/de\/produkt\/wexit-spray-gegen-wespen-2-x-150ml\/#primaryimage"},"thumbnailUrl":"https:\/\/wexit.bz\/wp-content\/uploads\/2023\/07\/wexit_2groot-scaled.webp","datePublished":"2023-07-28T06:51:08+00:00","dateModified":"2025-08-14T09:27:55+00:00","description":"Wexit.bz biedt iedereen de mogelijkheid om door middel van aerosole verstuiving wespen te verjagen op een milieu- en diervriendelijke wijze.","breadcrumb":{"@id":"https:\/\/wexit.bz\/de\/produkt\/wexit-spray-gegen-wespen-2-x-150ml\/#breadcrumb"},"inLanguage":"de","potentialAction":[{"@type":"ReadAction","target":["https:\/\/wexit.bz\/de\/produkt\/wexit-spray-gegen-wespen-2-x-150ml\/"]}]},{"@type":"ImageObject","inLanguage":"de","@id":"https:\/\/wexit.bz\/de\/produkt\/wexit-spray-gegen-wespen-2-x-150ml\/#primaryimage","url":"https:\/\/wexit.bz\/wp-content\/uploads\/2023\/07\/wexit_2groot-scaled.webp","contentUrl":"https:\/\/wexit.bz\/wp-content\/uploads\/2023\/07\/wexit_2groot-scaled.webp","width":2560,"height":2560},{"@type":"BreadcrumbList","@id":"https:\/\/wexit.bz\/de\/produkt\/wexit-spray-gegen-wespen-2-x-150ml\/#breadcrumb","itemListElement":[{"@type":"ListItem","position":1,"name":"Home","item":"https:\/\/wexit.bz\/de\/"},{"@type":"ListItem","position":2,"name":"Webshop","item":"https:\/\/wexit.bz\/webshop\/"},{"@type":"ListItem","position":3,"name":"Wexit &#8211; Spray gegen Wespen 2 x 150ml"}]},{"@type":"WebSite","@id":"https:\/\/wexit.bz\/#website","url":"https:\/\/wexit.bz\/","name":"Wexit.bz","description":"Wespenverjager op mineraalwaterbasis","publisher":{"@id":"https:\/\/wexit.bz\/#organization"},"potentialAction":[{"@type":"SearchAction","target":{"@type":"EntryPoint","urlTemplate":"https:\/\/wexit.bz\/?s={search_term_string}"},"query-input":{"@type":"PropertyValueSpecification","valueRequired":true,"valueName":"search_term_string"}}],"inLanguage":"de"},{"@type":"Organization","@id":"https:\/\/wexit.bz\/#organization","name":"Wexit.bz","url":"https:\/\/wexit.bz\/","logo":{"@type":"ImageObject","inLanguage":"de","@id":"https:\/\/wexit.bz\/#\/schema\/logo\/image\/","url":"https:\/\/wexit.bz\/wp-content\/uploads\/2023\/07\/Wexit-logo.webp","contentUrl":"https:\/\/wexit.bz\/wp-content\/uploads\/2023\/07\/Wexit-logo.webp","width":1162,"height":346,"caption":"Wexit.bz"},"image":{"@id":"https:\/\/wexit.bz\/#\/schema\/logo\/image\/"},"sameAs":["https:\/\/www.instagram.com\/wexit.official\/"]}]}},"_links":{"self":[{"href":"https:\/\/wexit.bz\/de\/wp-json\/wp\/v2\/product\/3424","targetHints":{"allow":["GET"]}}],"collection":[{"href":"https:\/\/wexit.bz\/de\/wp-json\/wp\/v2\/product"}],"about":[{"href":"https:\/\/wexit.bz\/de\/wp-json\/wp\/v2\/types\/product"}],"replies":[{"embeddable":true,"href":"https:\/\/wexit.bz\/de\/wp-json\/wp\/v2\/comments?post=3424"}],"wp:featuredmedia":[{"embeddable":true,"href":"https:\/\/wexit.bz\/de\/wp-json\/wp\/v2\/media\/3431"}],"wp:attachment":[{"href":"https:\/\/wexit.bz\/de\/wp-json\/wp\/v2\/media?parent=3424"}],"wp:term":[{"taxonomy":"product_brand","embeddable":true,"href":"https:\/\/wexit.bz\/de\/wp-json\/wp\/v2\/product_brand?post=3424"},{"taxonomy":"product_cat","embeddable":true,"href":"https:\/\/wexit.bz\/de\/wp-json\/wp\/v2\/product_cat?post=3424"},{"taxonomy":"product_tag","embeddable":true,"href":"https:\/\/wexit.bz\/de\/wp-json\/wp\/v2\/product_tag?post=3424"}],"curies":[{"name":"wp","href":"https:\/\/api.w.org\/{rel}","templated":true}]}}